{"id":573,"date":"2019-01-24T21:00:38","date_gmt":"2019-01-24T20:00:38","guid":{"rendered":"http:\/\/uksondraszek.pl\/?page_id=573"},"modified":"2024-09-07T11:54:24","modified_gmt":"2024-09-07T09:54:24","slug":"deklaracja-czlonkowska","status":"publish","type":"page","link":"https:\/\/www.uksondraszek.pl\/index.php\/klub\/deklaracja-czlonkowska\/","title":{"rendered":"Deklaracja cz\u0142onkowska- do pobrania w zak\u0142adce KLUB"},"content":{"rendered":"\n<p><a href=\"https:\/\/www.uksondraszek.pl\/wp-content\/uploads\/2024\/09\/deklaracja-czlonkowska-UKS-Ondraszek-Bielsko-Biala-2024.pdf\">Deklaracja do pobrania&gt;&gt;<\/a><\/p>\n\n\n\n<p><strong>INFORMACJA w zwi\u0105zku z RODO<\/strong>:<\/p>\n\n\n\n<p>1.\nAdministratorem podanych przez rodzica danych osobowych jest UKS\n\u201eOndraszek\u201d w Bielsku-Bia\u0142ej, ul. 1 Maja 47 , Bielsko-Bia\u0142a,\na dane te s\u0105 przetwarzane przez cz\u0142onk\u00f3w Zarz\u0105du, trener\u00f3w i\ninnych os\u00f3b upowa\u017cnionych (np. w celu przeprowadzenia zawod\u00f3w,\nzgrupowa\u0144, oboz\u00f3w sportowych).<\/p>\n\n\n\n<p>2.\nFunkcj\u0119 inspektora ochrony danych pe\u0142ni <strong>Prezes\nUKS Ondraszek Bielsko-Bia\u0142a<\/strong>\nadres e-mail: <strong>uksondraszek@op.pl<\/strong><\/p>\n\n\n\n<p>3.\nPodane przez rodzica dane\nosobowe s\u0105\nprzetwarzane przez Klub w celach zwi\u0105zanych z przynale\u017cno\u015bci\u0105 do\nUKS \u201eOndraszek\u201d.<\/p>\n\n\n\n<p>\n4.\nPodane w\nDeklaracji Cz\u0142onkowskiej\nlub p\u00f3\u017aniej dane\nosobowe s\u0105\nprzetwarzane przez\nokres przynale\u017cno\u015bci do Klubu UKS \u201eOndraszek\u201d, a tak\u017ce po\nustaniu cz\u0142onkostwa, przez czas zgodny z przepisami prawa, a w\nprzypadkach prawnie usprawiedliwionych cel\u00f3w Administratora \u2013\nprzez czas ich realizacji.<\/p>\n\n\n\n<p>5.\nDane nie s\u0105 udost\u0119pniane podmiotom innym ni\u017c upowa\u017cnione na\npodstawie stosownych przepis\u00f3w prawa.<\/p>\n\n\n\n<p>6.\nRodzicowi\/ opiekunowi prawnemu przys\u0142uguje prawo \u017c\u0105dania dost\u0119pu\ndo podanych danych osobowych, ich sprostowania, usuni\u0119cia lub\nograniczenia przetwarzania oraz prawo do wniesienia sprzeciwu wobec\nprzetwarzania, a tak\u017ce prawo do przenoszenia danych.<\/p>\n\n\n\n<p>7.\nPonadto, rodzicowi\/ opiekunowi prawnemu przys\u0142uguje prawo do\ncofni\u0119cia wyra\u017conej zgody w dowolnym momencie. Powy\u017csze nie wp\u0142ywa\nna zgodno\u015b\u0107 z prawem przetwarzania, kt\u00f3rego dokonano na podstawie\nwyra\u017conej zgody przed jej cofni\u0119ciem.<\/p>\n\n\n\n<p>8. Dodatkowo, rodzicowi\/ opiekunowi prawnemu przys\u0142uguje prawo do z\u0142o\u017cenia skargi do organu nadzorczego \u2013 Prezesa Urz\u0119du Ochrony Danych Osobowych.<br> <\/p>\n\n\n\n<p>9. Podanie danych osobowych jest dobrowolne, ale niezb\u0119dne do uzyskania i zachowania cz\u0142onkostwa w Klubie.<\/p>\n\n\n\n<p>10.\nDane nie b\u0119d\u0105 przetwarzane w spos\u00f3b zautomatyzowany.<\/p>\n","protected":false},"excerpt":{"rendered":"<p>Deklaracja do pobrania&gt;&gt; INFORMACJA w zwi\u0105zku z RODO: 1. Administratorem podanych przez rodzica danych osobowych jest UKS \u201eOndraszek\u201d w Bielsku-Bia\u0142ej, ul. 1 Maja 47 , Bielsko-Bia\u0142a, a dane te s\u0105 przetwarzane przez cz\u0142onk\u00f3w Zarz\u0105du, trener\u00f3w i innych os\u00f3b upowa\u017cnionych (np. w celu przeprowadzenia zawod\u00f3w, zgrupowa\u0144, oboz\u00f3w sportowych). 2. Funkcj\u0119 inspektora ochrony danych pe\u0142ni Prezes UKS&hellip; <br \/> <a class=\"read-more\" href=\"https:\/\/www.uksondraszek.pl\/index.php\/klub\/deklaracja-czlonkowska\/\">Dowiedz si\u0119 wi\u0119cej<\/a><\/p>\n","protected":false},"author":3,"featured_media":0,"parent":205,"menu_order":3,"comment_status":"closed","ping_status":"closed","template":"","meta":{"_monsterinsights_skip_tracking":false,"_monsterinsights_sitenote_active":false,"_monsterinsights_sitenote_note":"","_monsterinsights_sitenote_category":0,"footnotes":""},"class_list":["post-573","page","type-page","status-publish","hentry"],"_links":{"self":[{"href":"https:\/\/www.uksondraszek.pl\/index.php\/wp-json\/wp\/v2\/pages\/573","targetHints":{"allow":["GET"]}}],"collection":[{"href":"https:\/\/www.uksondraszek.pl\/index.php\/wp-json\/wp\/v2\/pages"}],"about":[{"href":"https:\/\/www.uksondraszek.pl\/index.php\/wp-json\/wp\/v2\/types\/page"}],"author":[{"embeddable":true,"href":"https:\/\/www.uksondraszek.pl\/index.php\/wp-json\/wp\/v2\/users\/3"}],"replies":[{"embeddable":true,"href":"https:\/\/www.uksondraszek.pl\/index.php\/wp-json\/wp\/v2\/comments?post=573"}],"version-history":[{"count":7,"href":"https:\/\/www.uksondraszek.pl\/index.php\/wp-json\/wp\/v2\/pages\/573\/revisions"}],"predecessor-version":[{"id":1395,"href":"https:\/\/www.uksondraszek.pl\/index.php\/wp-json\/wp\/v2\/pages\/573\/revisions\/1395"}],"up":[{"embeddable":true,"href":"https:\/\/www.uksondraszek.pl\/index.php\/wp-json\/wp\/v2\/pages\/205"}],"wp:attachment":[{"href":"https:\/\/www.uksondraszek.pl\/index.php\/wp-json\/wp\/v2\/media?parent=573"}],"curies":[{"name":"wp","href":"https:\/\/api.w.org\/{rel}","templated":true}]}}