{"id":326,"date":"2018-12-03T17:48:29","date_gmt":"2018-12-03T16:48:29","guid":{"rendered":"http:\/\/uksondraszek.pl\/test\/?page_id=326"},"modified":"2022-10-31T18:15:43","modified_gmt":"2022-10-31T17:15:43","slug":"16-lat","status":"publish","type":"page","link":"https:\/\/www.uksondraszek.pl\/index.php\/klub\/rekordy-klubu-2\/chlopcy\/16-lat\/","title":{"rendered":"Open"},"content":{"rendered":"\n<table class=\"wp-block-table\"><tbody><tr><td>\n\t\t\t<strong>Styl, <\/strong><strong>dystans<\/strong>\n\t\t<\/td><td>\n\t\t\t<strong>czas<\/strong>\n\t\t<\/td><td>\n\t\t\t<strong>zawodnik<\/strong>\n\t\t<\/td><td>\n\t\t\t<strong>data<\/strong>\n\t\t<\/td><td>\n\t\t\t<strong>miejscowo\u015b\u0107<\/strong>\n\t\t<\/td><\/tr><tr><td>\n\t\t\tDowolny, 50m\n\t\t<\/td><td>\n\t\t\t25,27\n\t\t<\/td><td>\n\t\t\tDorian Bachlaj\n\t\t<\/td><td>\n\t\t\t10.03.2017\n\t\t<\/td><td>\n\t\t\tGorz\u00f3w Wlkp.\n\t\t<\/td><\/tr><tr><td>\n\t\t\tDowolny, 100m\n\t\t<\/td><td>\n\t\t\t55,71\n\t\t<\/td><td>\n\t\t\tDorian Bachlaj\n\t\t<\/td><td>\n\t\t\t18.12.2015\n\t\t<\/td><td>\n\t\t\tLublin\n\t\t<\/td><\/tr><tr><td>\n\t\t\tDowolny, 200m\n\t\t<\/td><td>\n\t\t\t2:02,85\n\t\t<\/td><td>\n\t\t\tDorian Bachlaj\n\t\t<\/td><td>\n\t\t\t17.02.2018\n\t\t<\/td><td>\n\t\t\tKatowice\n\t\t<\/td><\/tr><tr><td>\n\t\t\tDowolny, 400m\n\t\t<\/td><td>\n\t\t\t4:36,83\n\t\t<\/td><td>\n\t\t\tTymoteusz Ratajczak\n\t\t<\/td><td>\n\t\t\t18.05.2013\n\t\t<\/td><td>\n\t\t\tCieszyn\n\t\t<\/td><\/tr><tr><td>\n\t\t\tDowolny, 800m\n\t\t<\/td><td>\n\t\t\t&#8211;\n\t\t<\/td><td>\n\t\t\t&#8211;\n\t\t<\/td><td>\n\t\t\t&#8211;\n\t\t<\/td><td>\n\t\t\t&#8211;\n\t\t<\/td><\/tr><tr><td>\n\t\t\tDowolny, 1500m\n\t\t<\/td><td>\n\t\t\t&#8211;\n\t\t<\/td><td>\n\t\t\t&#8211;\n\t\t<\/td><td>\n\t\t\t&#8211;\n\t\t<\/td><td>\n\t\t\t&#8211;\n\t\t<\/td><\/tr><tr><td>\n\t\t\t<strong>Klasyczny, 50m<\/strong>\n\t\t<\/td><td>\n\t\t\t<strong>28,36<\/strong>\n\t\t<\/td><td>\n\t\t\t<strong>Dorian Bachlaj<\/strong>\n\t\t<\/td><td>\n\t\t\t<strong>10.03.2017<\/strong>\n\t\t<\/td><td>\n\t\t\t<strong>Gorz\u00f3w Wlkp.<\/strong>\n\t\t<\/td><\/tr><tr><td>\n\t\t\t<strong>Klasyczny, 100m<\/strong>\n\t\t<\/td><td>\n\t\t\t<strong>1;02,03<\/strong>\n\t\t<\/td><td>\n\t\t\t<strong>Dorian Bachlaj<\/strong>\n\t\t<\/td><td>\n\t\t\t<strong>19.12.2017<\/strong>\n\t\t<\/td><td>\n\t\t\t<strong>\u0141\u00f3d\u017a<\/strong>\n\t\t<\/td><\/tr><tr><td>\n\t\t\t<strong>Klasyczny, 200m<\/strong>\n\t\t<\/td><td>\n\t\t\t<strong>2:11,99<\/strong>\n\t\t<\/td><td>\n\t\t\t<strong>Dorian Bachlaj<\/strong>\n\t\t<\/td><td>\n\t\t\t<strong>12.03.2016<\/strong>\n\t\t<\/td><td>\n\t\t\t<strong>Lublin<\/strong>\n\t\t<\/td><\/tr><tr><td>\n\t\t\tGrzbietowy, 50m\n\t\t<\/td><td> 28,77 <\/td><td>  Maksymilian Ja\u0144czyk  <\/td><td> 14.05.2022 <\/td><td> Paw\u0142owice <\/td><\/tr><tr><td>\n\t\t\tGrzbietowy, 100m\n\t\t<\/td><td>\n\t\t\t1:02,17\n\t\t<\/td><td>\n\t\t\tDorian Bachlaj\n\t\t<\/td><td>\n\t\t\t08.04.2018\n\t\t<\/td><td>\n\t\t\tCieszyn\n\t\t<\/td><\/tr><tr><td>\n\t\t\tGrzbietowy, 200m\n\t\t<\/td><td>\n\t\t\t2:11,47\n\t\t<\/td><td>\n\t\t\tDorian Bachlaj\n\t\t<\/td><td>\n\t\t\t14.03.2018\n\t\t<\/td><td>\n\t\t\tGliwice\n\t\t<\/td><\/tr><tr><td>\n\t\t\t<strong>Motylkowy, 50m<\/strong>\n\t\t<\/td><td> <strong>27,02<\/strong> <\/td><td><strong> Maksymilian Ja\u0144czyk  <\/strong><\/td><td> <strong>18.12.2021<\/strong><\/td><td> <strong>Olsztyn<\/strong><\/td><\/tr><tr><td>\n\t\t\t<strong>Motylkowy, 100m<\/strong>\n\t\t<\/td><td> <strong>1:00,38<\/strong> <\/td><td><strong> Maksymilian Ja\u0144czyk <\/strong> <\/td><td> <strong>17.12.2021<\/strong> <\/td><td> <strong>Olsztyn<\/strong> <\/td><\/tr><tr><td>\n\t\t\t<strong>Motylkowy, 200m<\/strong>\n\t\t<\/td><td> <strong>2:28,95<\/strong> <\/td><td><strong>  Maksymilian Ja\u0144czyk <\/strong> <\/td><td> <strong>10.10.2021<\/strong> <\/td><td> <strong>O\u015bwi\u0119cim<\/strong> <\/td><\/tr><tr><td>\n\t\t\tZmienny, 100m\n\t\t<\/td><td>\n\t\t\t1:00,51\n\t\t<\/td><td>\n\t\t\tDorian Bachlaj\n\t\t<\/td><td>\n\t\t\t09.12.2017\n\t\t<\/td><td>\n\t\t\tGliwice\n\t\t<\/td><\/tr><tr><td>\n\t\t\tZmienny, 200m\n\t\t<\/td><td>\n\t\t\t2:06,94\n\t\t<\/td><td>\n\t\t\tDorian Bachlaj\n\t\t<\/td><td>\n\t\t\t23.12.2017\n\t\t<\/td><td>\n\t\t\tO\u015bwi\u0119cim\n\t\t<\/td><\/tr><tr><td>\n\t\t\tZmienny, 400m\n\t\t<\/td><td>\n\t\t\t4:35,92\n\t\t<\/td><td>\n\t\t\tDorian Bachlaj\n\t\t<\/td><td>\n\t\t\t08.12.2017\n\t\t<\/td><td>\n\t\t\tGliwice\n\t\t<\/td><\/tr><\/tbody><\/table>\n\n\n\n<p>basen 25m, wyniki z www.swimrankings.net, aktualizacja: 31 pa\u017adziernika 2022 roku<\/p>\n","protected":false},"excerpt":{"rendered":"<p>Styl, dystans czas zawodnik data miejscowo\u015b\u0107 Dowolny, 50m 25,27 Dorian Bachlaj 10.03.2017 Gorz\u00f3w Wlkp. Dowolny, 100m 55,71 Dorian Bachlaj 18.12.2015 Lublin Dowolny, 200m 2:02,85 Dorian Bachlaj 17.02.2018 Katowice Dowolny, 400m 4:36,83 Tymoteusz Ratajczak 18.05.2013 Cieszyn Dowolny, 800m &#8211; &#8211; &#8211; &#8211; Dowolny, 1500m &#8211; &#8211; &#8211; &#8211; Klasyczny, 50m 28,36 Dorian Bachlaj 10.03.2017 Gorz\u00f3w Wlkp.&hellip; <br \/> <a class=\"read-more\" href=\"https:\/\/www.uksondraszek.pl\/index.php\/klub\/rekordy-klubu-2\/chlopcy\/16-lat\/\">Dowiedz si\u0119 wi\u0119cej<\/a><\/p>\n","protected":false},"author":1,"featured_media":0,"parent":261,"menu_order":0,"comment_status":"closed","ping_status":"closed","template":"","meta":{"_monsterinsights_skip_tracking":false,"_monsterinsights_sitenote_active":false,"_monsterinsights_sitenote_note":"","_monsterinsights_sitenote_category":0,"footnotes":""},"class_list":["post-326","page","type-page","status-publish","hentry"],"_links":{"self":[{"href":"https:\/\/www.uksondraszek.pl\/index.php\/wp-json\/wp\/v2\/pages\/326","targetHints":{"allow":["GET"]}}],"collection":[{"href":"https:\/\/www.uksondraszek.pl\/index.php\/wp-json\/wp\/v2\/pages"}],"about":[{"href":"https:\/\/www.uksondraszek.pl\/index.php\/wp-json\/wp\/v2\/types\/page"}],"author":[{"embeddable":true,"href":"https:\/\/www.uksondraszek.pl\/index.php\/wp-json\/wp\/v2\/users\/1"}],"replies":[{"embeddable":true,"href":"https:\/\/www.uksondraszek.pl\/index.php\/wp-json\/wp\/v2\/comments?post=326"}],"version-history":[{"count":5,"href":"https:\/\/www.uksondraszek.pl\/index.php\/wp-json\/wp\/v2\/pages\/326\/revisions"}],"predecessor-version":[{"id":1273,"href":"https:\/\/www.uksondraszek.pl\/index.php\/wp-json\/wp\/v2\/pages\/326\/revisions\/1273"}],"up":[{"embeddable":true,"href":"https:\/\/www.uksondraszek.pl\/index.php\/wp-json\/wp\/v2\/pages\/261"}],"wp:attachment":[{"href":"https:\/\/www.uksondraszek.pl\/index.php\/wp-json\/wp\/v2\/media?parent=326"}],"curies":[{"name":"wp","href":"https:\/\/api.w.org\/{rel}","templated":true}]}}