{"id":321,"date":"2018-12-03T17:45:33","date_gmt":"2018-12-03T16:45:33","guid":{"rendered":"http:\/\/uksondraszek.pl\/test\/?page_id=321"},"modified":"2022-10-31T18:13:15","modified_gmt":"2022-10-31T17:13:15","slug":"14-lat","status":"publish","type":"page","link":"https:\/\/www.uksondraszek.pl\/index.php\/klub\/rekordy-klubu-2\/chlopcy\/14-lat\/","title":{"rendered":"14 lat"},"content":{"rendered":"\n<table class=\"wp-block-table\"><tbody><tr><td>\n\t\t\t<strong>Styl, dystans<\/strong>\n\t\t<\/td><td>\n\t\t\t<strong>czas<\/strong>\n\t\t<\/td><td>\n\t\t\t<strong>zawodnik<\/strong>\n\t\t<\/td><td>\n\t\t\t<strong>data<\/strong>\n\t\t<\/td><td>\n\t\t\t<strong>miejscowo\u015b\u0107<\/strong>\n\t\t<\/td><\/tr><tr><td>\n\t\t\tDowolny, 50m\n\t\t<\/td><td> 28,73 <\/td><td>Maksymilian Ja\u0144czyk<\/td><td> 19.12.2020 <\/td><td>Radlin<\/td><\/tr><tr><td>\n\t\t\tDowolny, 100m\n\t\t<\/td><td> 01:03,37 <\/td><td>Maksymilian Ja\u0144czyk  <\/td><td> 22.05.2021 <\/td><td>\n\t\t\tWola\n\t\t<\/td><\/tr><tr><td>\n\t\t\tDowolny, 200m\n\t\t<\/td><td>\n\t\t\t02:41,16\n\t\t<\/td><td>\n\t\t\tAdam Antonik\n\t\t<\/td><td>\n\t\t\t30.11.2013\n\t\t<\/td><td>\n\t\t\tCieszyn\n\t\t<\/td><\/tr><tr><td>\n\t\t\tDowolny, 400m\n\t\t<\/td><td>\n\t\t\t05:41,44\n\t\t<\/td><td>\n\t\t\tAdam Antonik\n\t\t<\/td><td>\n\t\t\t31.05.2014\n\t\t<\/td><td>\n\t\t\tCieszyn\n\t\t<\/td><\/tr><tr><td>\n\t\t\tDowolny, 800m\n\t\t<\/td><td>\n\t\t\t&#8211;\n\t\t<\/td><td>\n\t\t\t&#8211;\n\t\t<\/td><td>\n\t\t\t&#8211;\n\t\t<\/td><td>\n\t\t\t&#8211;\n\t\t<\/td><\/tr><tr><td>\n\t\t\tDowolny, 1500m\n\t\t<\/td><td>\n\t\t\t&#8211;\n\t\t<\/td><td>\n\t\t\t&#8211;\n\t\t<\/td><td>\n\t\t\t&#8211;\n\t\t<\/td><td>\n\t\t\t&#8211;\n\t\t<\/td><\/tr><tr><td>\n\t\t\t<strong>Klasyczny, 50m<\/strong>\n\t\t<\/td><td>\n\t\t\t<strong>35,08<\/strong>\n\t\t<\/td><td>\n\t\t\t<strong>Dorian Bachlaj<\/strong>\n\t\t<\/td><td>\n\t\t\t<strong>12.10.2013<\/strong>\n\t\t<\/td><td>\n\t\t\t<strong>Katowice<\/strong>\n\t\t<\/td><\/tr><tr><td>\n\t\t\t<strong>Klasyczny, 100m<\/strong>\n\t\t<\/td><td>\n\t\t\t<strong>01:18,23<\/strong>\n\t\t<\/td><td>\n\t\t\t<strong>Dorian Bachlaj<\/strong>\n\t\t<\/td><td>\n\t\t\t<strong>26.10.2013<\/strong>\n\t\t<\/td><td>\n\t\t\t<strong>Rybnik<\/strong>\n\t\t<\/td><\/tr><tr><td>\n\t\t\t<strong>Klasyczny, 200m<\/strong>\n\t\t<\/td><td>\n\t\t\t<strong>02:49,03<\/strong>\n\t\t<\/td><td>\n\t\t\t<strong>Dorian Bachlaj<\/strong>\n\t\t<\/td><td>\n\t\t\t<strong>5.10.2013<\/strong>\n\t\t<\/td><td>\n\t\t\t<strong>Cieszyn<\/strong>\n\t\t<\/td><\/tr><tr><td>\n\t\t\tGrzbietowy, 50m\n\t\t<\/td><td> 29,03 <\/td><td> Maksymilian Ja\u0144czyk  <\/td><td> 18.12.2021 <\/td><td> Olsztyn <\/td><\/tr><tr><td>\n\t\t\tGrzbietowy, 100m\n\t\t<\/td><td> 01:01,27 <\/td><td>  Maksymilian Ja\u0144czyk  <\/td><td>19.12.2021 <\/td><td>Olsztyn <\/td><\/tr><tr><td>\n\t\t\tGrzbietowy, 200m\n\t\t<\/td><td> 02:18,55 <\/td><td>  Maksymilian Ja\u0144czyk  <\/td><td> 17.12.2021 <\/td><td> Olsztyn <\/td><\/tr><tr><td>\n\t\t\t<strong>Motylkowy, 50m<\/strong>\n\t\t<\/td><td> <strong>27,02<\/strong> <\/td><td> <strong> Maksymilian Ja\u0144czyk <\/strong> <\/td><td> <strong>18.12.2021<\/strong><\/td><td> <strong>Olsztyn<\/strong><\/td><\/tr><tr><td>\n\t\t\t<strong>Motylkowy, 100m<\/strong>\n\t\t<\/td><td> <strong>1:00,38<\/strong><\/td><td><strong> Maksymilian Ja\u0144czyk <\/strong> <\/td><td> <strong>17.12.2021 <\/strong><\/td><td><strong> Olsztyn <\/strong><\/td><\/tr><tr><td>\n\t\t\t<strong>Motylkowy, 200m<\/strong>\n\t\t<\/td><td> <strong>2:28,95 <\/strong><\/td><td> <strong> Maksymilian Ja\u0144czyk <\/strong><\/td><td><strong> 10.10.2021 <\/strong><\/td><td><strong> O\u015bwi\u0119cim <\/strong><\/td><\/tr><tr><td>\n\t\t\tZmienny, 100m\n\t\t<\/td><td> 01:09,08<\/td><td>  Maksymilian Ja\u0144czyk  <\/td><td> 24.04.2021 <\/td><td>Paw\u0142owice <\/td><\/tr><tr><td>\n\t\t\tZmienny, 200m\n\t\t<\/td><td> 02:25,07 <\/td><td> Maksymilian Ja\u0144czyk  <\/td><td> 28.11.2021 <\/td><td>Kozy<\/td><\/tr><tr><td>\n\t\t\tZmienny, 400m\n\t\t<\/td><td>\n\t\t\t&#8211;\n\t\t<\/td><td>\n\t\t\t&#8211;\n\t\t<\/td><td>\n\t\t\t&#8211;\n\t\t<\/td><td>\n\t\t\t&#8211;\n\t\t<\/td><\/tr><\/tbody><\/table>\n\n\n\n<p>basen 25m, wyniki z www.swimrankings.net, aktualizacja: 31 pa\u017adziernika 2022 roku<\/p>\n","protected":false},"excerpt":{"rendered":"<p>Styl, dystans czas zawodnik data miejscowo\u015b\u0107 Dowolny, 50m 28,73 Maksymilian Ja\u0144czyk 19.12.2020 Radlin Dowolny, 100m 01:03,37 Maksymilian Ja\u0144czyk 22.05.2021 Wola Dowolny, 200m 02:41,16 Adam Antonik 30.11.2013 Cieszyn Dowolny, 400m 05:41,44 Adam Antonik 31.05.2014 Cieszyn Dowolny, 800m &#8211; &#8211; &#8211; &#8211; Dowolny, 1500m &#8211; &#8211; &#8211; &#8211; Klasyczny, 50m 35,08 Dorian Bachlaj 12.10.2013 Katowice Klasyczny, 100m&hellip; <br \/> <a class=\"read-more\" href=\"https:\/\/www.uksondraszek.pl\/index.php\/klub\/rekordy-klubu-2\/chlopcy\/14-lat\/\">Dowiedz si\u0119 wi\u0119cej<\/a><\/p>\n","protected":false},"author":1,"featured_media":0,"parent":261,"menu_order":0,"comment_status":"closed","ping_status":"closed","template":"","meta":{"_monsterinsights_skip_tracking":false,"_monsterinsights_sitenote_active":false,"_monsterinsights_sitenote_note":"","_monsterinsights_sitenote_category":0,"footnotes":""},"class_list":["post-321","page","type-page","status-publish","hentry"],"_links":{"self":[{"href":"https:\/\/www.uksondraszek.pl\/index.php\/wp-json\/wp\/v2\/pages\/321","targetHints":{"allow":["GET"]}}],"collection":[{"href":"https:\/\/www.uksondraszek.pl\/index.php\/wp-json\/wp\/v2\/pages"}],"about":[{"href":"https:\/\/www.uksondraszek.pl\/index.php\/wp-json\/wp\/v2\/types\/page"}],"author":[{"embeddable":true,"href":"https:\/\/www.uksondraszek.pl\/index.php\/wp-json\/wp\/v2\/users\/1"}],"replies":[{"embeddable":true,"href":"https:\/\/www.uksondraszek.pl\/index.php\/wp-json\/wp\/v2\/comments?post=321"}],"version-history":[{"count":5,"href":"https:\/\/www.uksondraszek.pl\/index.php\/wp-json\/wp\/v2\/pages\/321\/revisions"}],"predecessor-version":[{"id":1272,"href":"https:\/\/www.uksondraszek.pl\/index.php\/wp-json\/wp\/v2\/pages\/321\/revisions\/1272"}],"up":[{"embeddable":true,"href":"https:\/\/www.uksondraszek.pl\/index.php\/wp-json\/wp\/v2\/pages\/261"}],"wp:attachment":[{"href":"https:\/\/www.uksondraszek.pl\/index.php\/wp-json\/wp\/v2\/media?parent=321"}],"curies":[{"name":"wp","href":"https:\/\/api.w.org\/{rel}","templated":true}]}}