{"id":315,"date":"2018-12-03T17:44:02","date_gmt":"2018-12-03T16:44:02","guid":{"rendered":"http:\/\/uksondraszek.pl\/test\/?page_id=315"},"modified":"2022-10-31T17:50:24","modified_gmt":"2022-10-31T16:50:24","slug":"11-lat","status":"publish","type":"page","link":"https:\/\/www.uksondraszek.pl\/index.php\/klub\/rekordy-klubu-2\/chlopcy\/11-lat\/","title":{"rendered":"11 lat i m\u0142odsi"},"content":{"rendered":"\n<table class=\"wp-block-table\"><tbody><tr><td>\n\t\t\t<strong>Styl, dystans<\/strong>\n\t\t<\/td><td>\n\t\t\t<strong>czas<\/strong>\n\t\t<\/td><td>\n\t\t\t<strong>zawodnik<\/strong>\n\t\t<\/td><td>\n\t\t\t<strong>data<\/strong>\n\t\t<\/td><td>\n\t\t\t<strong>miejscowo\u015b\u0107<\/strong>\n\t\t<\/td><\/tr><tr><td>\n\t\t\tDowolny, 50m\n\t\t<\/td><td>\n\t\t\t33,26\n\t\t<\/td><td>\n\t\t\tKamil Twardowski\n\t\t<\/td><td>\n\t\t\t21.10.2017\n\t\t<\/td><td>\n\t\t\tWola\n\t\t<\/td><\/tr><tr><td>\n\t\t\tDowolny, 100m\n\t\t<\/td><td>\n\t\t\t01:14,57\n\t\t<\/td><td>\n\t\t\tKamil Twardowski\n\t\t<\/td><td>\n\t\t\t2.12.2017\n\t\t<\/td><td>\n\t\t\tWola\n\t\t<\/td><\/tr><tr><td>\n\t\t\tDowolny, 200m\n\t\t<\/td><td>\n\t\t\t02:45,17\n\t\t<\/td><td>\n\t\t\tJan Wi\u0119zik\n\t\t<\/td><td>\n\t\t\t20.12.2014\n\t\t<\/td><td>\n\t\t\tO\u015bwi\u0119cim\n\t\t<\/td><\/tr><tr><td>\n\t\t\tDowolny, 400m\n\t\t<\/td><td>\n\t\t\t05:43,35\n\t\t<\/td><td>\n\t\t\tJakub Ziemba\n\t\t<\/td><td>\n\t\t\t21.05.2016\n\t\t<\/td><td>\n\t\t\tCieszyn\n\t\t<\/td><\/tr><tr><td>\n\t\t\tDowolny, 800m\n\t\t<\/td><td>\n\t\t\t&#8211;\n\t\t<\/td><td>\n\t\t\t&#8211;\n\t\t<\/td><td>\n\t\t\t&#8211;\n\t\t<\/td><td>\n\t\t\t&#8211;\n\t\t<\/td><\/tr><tr><td>\n\t\t\tDowolny, 1500m\n\t\t<\/td><td>\n\t\t\t&#8211;\n\t\t<\/td><td>\n\t\t\t&#8211;\n\t\t<\/td><td>\n\t\t\t&#8211;\n\t\t<\/td><td>\n\t\t\t&#8211;\n\t\t<\/td><\/tr><tr><td>\n\t\t\t<strong>Klasyczny, 50m<\/strong>\n\t\t<\/td><td>\n\t\t\t<strong>42,34<\/strong>\n\t\t<\/td><td>\n\t\t\t<strong>Wojciech Bia\u0142ecki<\/strong>\n\t\t<\/td><td>\n\t\t\t<strong>10.12.2015<\/strong>\n\t\t<\/td><td>\n\t\t\t<strong>Gliwice<\/strong>\n\t\t<\/td><\/tr><tr><td>\n\t\t\t<strong>Klasyczny, 100m<\/strong>\n\t\t<\/td><td>\n\t\t\t<strong>01:36,69<\/strong>\n\t\t<\/td><td>\n\t\t\t<strong>Wojciech Bia\u0142ecki<\/strong>\n\t\t<\/td><td>\n\t\t\t<strong>17.12.2014<\/strong>\n\t\t<\/td><td>\n\t\t\t<strong>Radlin<\/strong>\n\t\t<\/td><\/tr><tr><td>\n\t\t\t<strong>Klasyczny, 200m<\/strong>\n\t\t<\/td><td>\n\t\t\t<strong>03:40,11<\/strong>\n\t\t<\/td><td>\n\t\t\t<strong>Jakub Ziemba<\/strong>\n\t\t<\/td><td>\n\t\t\t<strong>3.10.2015<\/strong>\n\t\t<\/td><td>\n\t\t\t<strong>Cieszyn<\/strong>\n\t\t<\/td><\/tr><tr><td>\n\t\t\tGrzbietowy, 50m\n\t\t<\/td><td>\n\t\t\t36,41\n\t\t<\/td><td>\n\t\t\tWojciech Bia\u0142ecki\n\t\t<\/td><td>\n\t\t\t10.12.2015\n\t\t<\/td><td>\n\t\t\tGliwice\n\t\t<\/td><\/tr><tr><td>\n\t\t\tGrzbietowy, 100m\n\t\t<\/td><td>\n\t\t\t01:18,47\n\t\t<\/td><td>\n\t\t\tWojciech Bia\u0142ecki\n\t\t<\/td><td>\n\t\t\t10.12.2015\n\t\t<\/td><td>\n\t\t\tGliwice\n\t\t<\/td><\/tr><tr><td>\n\t\t\tGrzbietowy, 200m\n\t\t<\/td><td>\n\t\t\t02:49,88\n\t\t<\/td><td>\n\t\t\tWojciech Bia\u0142ecki\n\t\t<\/td><td>\n\t\t\t19.12.2015\n\t\t<\/td><td>\n\t\t\tWola\n\t\t<\/td><\/tr><tr><td>\n\t\t\t<strong>Motylkowy, 50m<\/strong>\n\t\t<\/td><td>\n\t\t\t<strong>37,74<\/strong>\n\t\t<\/td><td>\n\t\t\t<strong>Wojciech Bia\u0142ecki<\/strong>\n\t\t<\/td><td>\n\t\t\t<strong>10.12.2015<\/strong>\n\t\t<\/td><td>\n\t\t\t<strong>Gliwice<\/strong>\n\t\t<\/td><\/tr><tr><td>\n\t\t\t<strong>Motylkowy, 100m<\/strong>\n\t\t<\/td><td>\n\t\t\t<strong>01:35,11<\/strong>\n\t\t<\/td><td>\n\t\t\t<strong>Jan Wi\u0119zik<\/strong>\n\t\t<\/td><td>\n\t\t\t<strong>12.12.2014<\/strong>\n\t\t<\/td><td>\n\t\t\t<strong>Gliwice<\/strong>\n\t\t<\/td><\/tr><tr><td>\n\t\t\t<strong>Motylkowy, 200m<\/strong>\n\t\t<\/td><td>\n\t\t\t<strong>03:32,85<\/strong>\n\t\t<\/td><td>\n\t\t\t<strong>Jan Wi\u0119zik<\/strong>\n\t\t<\/td><td>\n\t\t\t<strong>20.12.2014<\/strong>\n\t\t<\/td><td>\n\t\t\t<strong>O\u015bwi\u0119cim<\/strong>\n\t\t<\/td><\/tr><tr><td>\n\t\t\tZmienny, 100m\n\t\t<\/td><td>\n\t\t\t01:29,90\n\t\t<\/td><td>\n\t\t\tWojciech Bia\u0142ecki\n\t\t<\/td><td>\n\t\t\t30.11.2014\n\t\t<\/td><td>\n\t\t\tKozy\n\t\t<\/td><\/tr><tr><td>\n\t\t\tZmienny, 200m\n\t\t<\/td><td>\n\t\t\t03:12,85\n\t\t<\/td><td>\n\t\t\tWojciech Bia\u0142ecki\n\t\t<\/td><td>\n\t\t\t14.02.2015\n\t\t<\/td><td>\n\t\t\tWieliczka\n\t\t<\/td><\/tr><tr><td>\n\t\t\tZmienny, 400m\n\t\t<\/td><td>\n\t\t\t&#8211;\n\t\t<\/td><td>\n\t\t\t&#8211;\n\t\t<\/td><td>\n\t\t\t&#8211;\n\t\t<\/td><td>\n\t\t\t&#8211;\n\t\t<\/td><\/tr><\/tbody><\/table>\n\n\n\n<p>basen 25m, wyniki z www.swimrankings.net, aktualizacja: 31 pa\u017adziernika 2022r.<\/p>\n","protected":false},"excerpt":{"rendered":"<p>Styl, dystans czas zawodnik data miejscowo\u015b\u0107 Dowolny, 50m 33,26 Kamil Twardowski 21.10.2017 Wola Dowolny, 100m 01:14,57 Kamil Twardowski 2.12.2017 Wola Dowolny, 200m 02:45,17 Jan Wi\u0119zik 20.12.2014 O\u015bwi\u0119cim Dowolny, 400m 05:43,35 Jakub Ziemba 21.05.2016 Cieszyn Dowolny, 800m &#8211; &#8211; &#8211; &#8211; Dowolny, 1500m &#8211; &#8211; &#8211; &#8211; Klasyczny, 50m 42,34 Wojciech Bia\u0142ecki 10.12.2015 Gliwice Klasyczny, 100m&hellip; <br \/> <a class=\"read-more\" href=\"https:\/\/www.uksondraszek.pl\/index.php\/klub\/rekordy-klubu-2\/chlopcy\/11-lat\/\">Dowiedz si\u0119 wi\u0119cej<\/a><\/p>\n","protected":false},"author":1,"featured_media":0,"parent":261,"menu_order":0,"comment_status":"closed","ping_status":"closed","template":"","meta":{"_monsterinsights_skip_tracking":false,"_monsterinsights_sitenote_active":false,"_monsterinsights_sitenote_note":"","_monsterinsights_sitenote_category":0,"footnotes":""},"class_list":["post-315","page","type-page","status-publish","hentry"],"_links":{"self":[{"href":"https:\/\/www.uksondraszek.pl\/index.php\/wp-json\/wp\/v2\/pages\/315","targetHints":{"allow":["GET"]}}],"collection":[{"href":"https:\/\/www.uksondraszek.pl\/index.php\/wp-json\/wp\/v2\/pages"}],"about":[{"href":"https:\/\/www.uksondraszek.pl\/index.php\/wp-json\/wp\/v2\/types\/page"}],"author":[{"embeddable":true,"href":"https:\/\/www.uksondraszek.pl\/index.php\/wp-json\/wp\/v2\/users\/1"}],"replies":[{"embeddable":true,"href":"https:\/\/www.uksondraszek.pl\/index.php\/wp-json\/wp\/v2\/comments?post=315"}],"version-history":[{"count":4,"href":"https:\/\/www.uksondraszek.pl\/index.php\/wp-json\/wp\/v2\/pages\/315\/revisions"}],"predecessor-version":[{"id":1266,"href":"https:\/\/www.uksondraszek.pl\/index.php\/wp-json\/wp\/v2\/pages\/315\/revisions\/1266"}],"up":[{"embeddable":true,"href":"https:\/\/www.uksondraszek.pl\/index.php\/wp-json\/wp\/v2\/pages\/261"}],"wp:attachment":[{"href":"https:\/\/www.uksondraszek.pl\/index.php\/wp-json\/wp\/v2\/media?parent=315"}],"curies":[{"name":"wp","href":"https:\/\/api.w.org\/{rel}","templated":true}]}}