{"id":273,"date":"2018-12-03T12:41:46","date_gmt":"2018-12-03T11:41:46","guid":{"rendered":"http:\/\/uksondraszek.pl\/test\/?page_id=273"},"modified":"2019-01-01T18:52:09","modified_gmt":"2019-01-01T17:52:09","slug":"obiekty","status":"publish","type":"page","link":"https:\/\/www.uksondraszek.pl\/index.php\/sylwetki\/obiekty\/","title":{"rendered":"Obiekty"},"content":{"rendered":"\n<h1 class=\"wp-block-heading\" id=\"mce_3\">P\u0142ywalnia Troclik<\/h1>\n\n\n\n<figure class=\"wp-block-image\"><img loading=\"lazy\" decoding=\"async\" width=\"642\" height=\"537\" src=\"http:\/\/uksondraszek.pl\/wp-content\/uploads\/2019\/01\/image.png\" alt=\"\" class=\"wp-image-527\" srcset=\"https:\/\/www.uksondraszek.pl\/wp-content\/uploads\/2019\/01\/image.png 642w, https:\/\/www.uksondraszek.pl\/wp-content\/uploads\/2019\/01\/image-300x251.png 300w\" sizes=\"auto, (max-width: 642px) 100vw, 642px\" \/><\/figure>\n\n\n\n<hr class=\"wp-block-separator\"\/>\n\n\n\n<h1 class=\"wp-block-heading\" id=\"page-title\">P\u0142ywalnia Aqua<\/h1>\n\n\n\n<h3 class=\"wp-block-heading\">Basen sportowy<\/h3>\n\n\n\n<ul class=\"wp-block-list\"><li>wymiary 25 m x 12,5 m<\/li><li>g\u0142\u0119boko\u015b\u0107 1,2 &#8211; 1,8 m<\/li><li>6 tor\u00f3w ze s\u0142upkami startowymi<\/li><li>winda dla os\u00f3b niepe\u0142nosprawnych<\/li><li>masa\u017c scienny<\/li><\/ul>\n\n\n\n<h3 class=\"wp-block-heading\">Brodzik dla dzieci<\/h3>\n\n\n\n<ul class=\"wp-block-list\"><li>wymiary 5 m x 5 m<\/li><li>g\u0142\u0119boko\u015b\u0107 0,25 &#8211; 0,3 m<\/li><li>grzybek wodny<\/li><li>\u015bciana wodna<\/li><\/ul>\n\n\n\n<h3 class=\"wp-block-heading\">Basen rekreacyjny z biczami wodnymi<\/h3>\n\n\n\n<ul class=\"wp-block-list\"><li>wymiary 3 m x 5m<\/li><li>g\u0142\u0119boko\u015b\u0107 1,0 &#8211; 1,1 m<\/li><li>bicze wodne<\/li><\/ul>\n\n\n\n<h3 class=\"wp-block-heading\">Sauna<\/h3>\n\n\n\n<h3 class=\"wp-block-heading\"> Kawiarenka i sklepik ze sprz\u0119tem p\u0142ywackim<\/h3>\n\n\n\n<figure class=\"wp-block-image\"><a href=\"http:\/\/www.plywalniaaqua.pl\/sites\/default\/files\/styles\/ablarge_800_600_\/public\/basen_duzy02_0.jpg?itok=TBA7alHt\"><img decoding=\"async\" src=\"http:\/\/www.plywalniaaqua.pl\/sites\/default\/files\/styles\/abmedium__320x165_\/public\/basen_duzy02_0.jpg?itok=pvw05F03\" alt=\"\"\/><\/a><\/figure>\n","protected":false},"excerpt":{"rendered":"<p>P\u0142ywalnia Troclik P\u0142ywalnia Aqua Basen sportowy wymiary 25 m x 12,5 m g\u0142\u0119boko\u015b\u0107 1,2 &#8211; 1,8 m 6 tor\u00f3w ze s\u0142upkami startowymi winda dla os\u00f3b niepe\u0142nosprawnych masa\u017c scienny Brodzik dla dzieci wymiary 5 m x 5 m g\u0142\u0119boko\u015b\u0107 0,25 &#8211; 0,3 m grzybek wodny \u015bciana wodna Basen rekreacyjny z biczami wodnymi wymiary 3 m x&hellip; <br \/> <a class=\"read-more\" href=\"https:\/\/www.uksondraszek.pl\/index.php\/sylwetki\/obiekty\/\">Dowiedz si\u0119 wi\u0119cej<\/a><\/p>\n","protected":false},"author":1,"featured_media":0,"parent":213,"menu_order":0,"comment_status":"closed","ping_status":"closed","template":"","meta":{"_monsterinsights_skip_tracking":false,"_monsterinsights_sitenote_active":false,"_monsterinsights_sitenote_note":"","_monsterinsights_sitenote_category":0,"footnotes":""},"class_list":["post-273","page","type-page","status-publish","hentry"],"_links":{"self":[{"href":"https:\/\/www.uksondraszek.pl\/index.php\/wp-json\/wp\/v2\/pages\/273","targetHints":{"allow":["GET"]}}],"collection":[{"href":"https:\/\/www.uksondraszek.pl\/index.php\/wp-json\/wp\/v2\/pages"}],"about":[{"href":"https:\/\/www.uksondraszek.pl\/index.php\/wp-json\/wp\/v2\/types\/page"}],"author":[{"embeddable":true,"href":"https:\/\/www.uksondraszek.pl\/index.php\/wp-json\/wp\/v2\/users\/1"}],"replies":[{"embeddable":true,"href":"https:\/\/www.uksondraszek.pl\/index.php\/wp-json\/wp\/v2\/comments?post=273"}],"version-history":[{"count":3,"href":"https:\/\/www.uksondraszek.pl\/index.php\/wp-json\/wp\/v2\/pages\/273\/revisions"}],"predecessor-version":[{"id":528,"href":"https:\/\/www.uksondraszek.pl\/index.php\/wp-json\/wp\/v2\/pages\/273\/revisions\/528"}],"up":[{"embeddable":true,"href":"https:\/\/www.uksondraszek.pl\/index.php\/wp-json\/wp\/v2\/pages\/213"}],"wp:attachment":[{"href":"https:\/\/www.uksondraszek.pl\/index.php\/wp-json\/wp\/v2\/media?parent=273"}],"curies":[{"name":"wp","href":"https:\/\/api.w.org\/{rel}","templated":true}]}}