{"id":271,"date":"2018-12-03T12:41:29","date_gmt":"2018-12-03T11:41:29","guid":{"rendered":"http:\/\/uksondraszek.pl\/test\/?page_id=271"},"modified":"2024-08-15T13:02:22","modified_gmt":"2024-08-15T11:02:22","slug":"trenerzy","status":"publish","type":"page","link":"https:\/\/www.uksondraszek.pl\/index.php\/sylwetki\/trenerzy\/","title":{"rendered":"Trenerzy"},"content":{"rendered":"\n<p>mgr Borowski Mariusz &#8211; Trener II klasy w p\u0142ywaniu, nauczyciel wychowania fizycznego ratownik WOPR <\/p>\n\n\n\n<p>mgr Czaja Bart\u0142omiej &#8211; Instruktor p\u0142ywania,<br>instruktor pi\u0142ki no\u017cnej<br>instruktor narciarstwa<br>s\u0119dzia p\u0142ywania<br>starszy Ratownik WOPR<\/p>\n\n\n\n<p>mgr Wilczek Grzegorz &#8211; Instruktor p\u0142ywania,<br>s\u0119dzia p\u0142ywania<br>instruktor odnowy biologicznej<br>instruktor BLS\/AED Polskiej Rady Resuscytacji<br>instruktor WOPR <\/p>\n\n\n\n<p>mgr Lubi\u0144ska Joanna &#8211; Instruktor p\u0142ywania, nauczyciel wychowania fizycznego <\/p>\n","protected":false},"excerpt":{"rendered":"<p>mgr Borowski Mariusz &#8211; Trener II klasy w p\u0142ywaniu, nauczyciel wychowania fizycznego ratownik WOPR mgr Czaja Bart\u0142omiej &#8211; Instruktor p\u0142ywania,instruktor pi\u0142ki no\u017cnejinstruktor narciarstwas\u0119dzia p\u0142ywaniastarszy Ratownik WOPR mgr Wilczek Grzegorz &#8211; Instruktor p\u0142ywania,s\u0119dzia p\u0142ywaniainstruktor odnowy biologicznejinstruktor BLS\/AED Polskiej Rady Resuscytacjiinstruktor WOPR mgr Lubi\u0144ska Joanna &#8211; Instruktor p\u0142ywania, nauczyciel wychowania fizycznego<\/p>\n","protected":false},"author":1,"featured_media":0,"parent":213,"menu_order":0,"comment_status":"closed","ping_status":"closed","template":"","meta":{"_monsterinsights_skip_tracking":false,"_monsterinsights_sitenote_active":false,"_monsterinsights_sitenote_note":"","_monsterinsights_sitenote_category":0,"footnotes":""},"class_list":["post-271","page","type-page","status-publish","hentry"],"_links":{"self":[{"href":"https:\/\/www.uksondraszek.pl\/index.php\/wp-json\/wp\/v2\/pages\/271","targetHints":{"allow":["GET"]}}],"collection":[{"href":"https:\/\/www.uksondraszek.pl\/index.php\/wp-json\/wp\/v2\/pages"}],"about":[{"href":"https:\/\/www.uksondraszek.pl\/index.php\/wp-json\/wp\/v2\/types\/page"}],"author":[{"embeddable":true,"href":"https:\/\/www.uksondraszek.pl\/index.php\/wp-json\/wp\/v2\/users\/1"}],"replies":[{"embeddable":true,"href":"https:\/\/www.uksondraszek.pl\/index.php\/wp-json\/wp\/v2\/comments?post=271"}],"version-history":[{"count":9,"href":"https:\/\/www.uksondraszek.pl\/index.php\/wp-json\/wp\/v2\/pages\/271\/revisions"}],"predecessor-version":[{"id":1384,"href":"https:\/\/www.uksondraszek.pl\/index.php\/wp-json\/wp\/v2\/pages\/271\/revisions\/1384"}],"up":[{"embeddable":true,"href":"https:\/\/www.uksondraszek.pl\/index.php\/wp-json\/wp\/v2\/pages\/213"}],"wp:attachment":[{"href":"https:\/\/www.uksondraszek.pl\/index.php\/wp-json\/wp\/v2\/media?parent=271"}],"curies":[{"name":"wp","href":"https:\/\/api.w.org\/{rel}","templated":true}]}}