{"id":247,"date":"2018-12-03T10:49:54","date_gmt":"2018-12-03T09:49:54","guid":{"rendered":"http:\/\/uksondraszek.pl\/test\/?page_id=247"},"modified":"2024-09-07T11:48:44","modified_gmt":"2024-09-07T09:48:44","slug":"harmonogram-zajec","status":"publish","type":"page","link":"https:\/\/www.uksondraszek.pl\/index.php\/klub\/harmonogram-zajec\/","title":{"rendered":"Harmonogram zaj\u0119\u0107 i Deklaracja Cz\u0142onkowska"},"content":{"rendered":"<p><span style=\"color: #000000;\"><strong>P\u0142ywalnia TROCLIK<\/strong><\/span><\/p>\n<ul>\n<li><span style=\"color: #000000;\">Grupa pocz\u0105tkuj\u0105ca\/\u015bredniozaawansowana\u00a0 &#8211; od poniedzia\u0142ku do pi\u0105tku godz. 16.00 &#8211; 17.00<\/span><\/li>\n<li><span style=\"color: #000000;\">Grupa \u015bredniozaawansowana &#8211; wtorek i czwartek godz. 17.00- 18.00\/ 18.00 &#8211; 19.00<\/span><\/li>\n<li><span style=\"color: #000000;\">Grupa sportowa &#8211; poniedzia\u0142ek &#8211; pi\u0105tek godz. 17.00 &#8211; 19.00<\/span><\/li>\n<li><span style=\"color: #000000;\">Grupa sportowa &#8211; sobota godz. 10.00 &#8211; 12.00<\/span><\/li>\n<\/ul>\n<p><span style=\"color: #000000;\"><strong>P\u0142ywalnia AQUA- poniedzia\u0142ek, \u015broda, pi\u0105tek<\/strong><\/span><\/p>\n<ul>\n<li><span style=\"color: #000000;\">Grupa pocz\u0105tkuj\u0105ca \/ Grupa \u015bredniozaawansowana I-\u00a0godz. 18.00 &#8211; 19.00<\/span><\/li>\n<li><span style=\"color: #000000;\">Grupa \u015bredniozaawansowana II \/ zaawansowana- godz. 19.00 &#8211; 20.00<\/span><\/li>\n<\/ul>\n<p><strong><span style=\"color: #0000ff;\"><em>Przypominamy o konieczno\u015bci posiadania aktualnych bada\u0144 lekarskich, pozwalaj\u0105cych na uczestnictwo w treningach i zawodach p\u0142ywackich.<\/em><\/span><\/strong><\/p>\n<h2><span style=\"color: #000000;\"><strong>Deklaracja Cz\u0142onkowska- <span style=\"color: #3366ff;\"><a style=\"color: #3366ff;\" href=\"https:\/\/www.uksondraszek.pl\/wp-content\/uploads\/2024\/09\/deklaracja-czlonkowska-UKS-Ondraszek-Bielsko-Biala-2024.pdf\">do pobrania tutaj&gt;&gt;<\/a><\/span><\/strong><\/span><\/h2>\n\n\n<\/span><\/p>\n<p>\n\n\n<\/p>\n<p><span style=\"color: #000000;\"><strong>INFORMACJA w zwi\u0105zku z RODO<\/strong>:<\/span><\/p>\n<p><span style=\"color: #000000;\"><!-- \/wp:post-content --> <!-- wp:paragraph --><\/span><\/p>\n<p><span style=\"color: #000000;\">1. Administratorem podanych przez rodzica danych osobowych jest UKS \u201eOndraszek\u201d w Bielsku-Bia\u0142ej, ul. 1 Maja 47 , Bielsko-Bia\u0142a, a dane te s\u0105 przetwarzane przez cz\u0142onk\u00f3w Zarz\u0105du, trener\u00f3w i innych os\u00f3b upowa\u017cnionych (np. w celu przeprowadzenia zawod\u00f3w, zgrupowa\u0144, oboz\u00f3w sportowych).<\/span><\/p>\n<p><span style=\"color: #000000;\"><!-- \/wp:paragraph --> <!-- wp:paragraph --><\/span><\/p>\n<p><span style=\"color: #000000;\">2. Funkcj\u0119 inspektora ochrony danych pe\u0142ni <strong>Prezes UKS Ondraszek Bielsko-Bia\u0142a<\/strong> adres e-mail: <strong>uksondraszek@op.pl<\/strong><\/span><\/p>\n<p><span style=\"color: #000000;\"><!-- \/wp:paragraph --> <!-- wp:paragraph --><\/span><\/p>\n<p><span style=\"color: #000000;\">3. Podane przez rodzica dane osobowe s\u0105 przetwarzane przez Klub w celach zwi\u0105zanych z przynale\u017cno\u015bci\u0105 do UKS \u201eOndraszek\u201d.<\/span><\/p>\n<p><span style=\"color: #000000;\"><!-- \/wp:paragraph --> <!-- wp:paragraph --><\/span><\/p>\n<p><span style=\"color: #000000;\">4. Podane w Deklaracji Cz\u0142onkowskiej lub p\u00f3\u017aniej dane osobowe s\u0105 przetwarzane przez okres przynale\u017cno\u015bci do Klubu UKS \u201eOndraszek\u201d, a tak\u017ce po ustaniu cz\u0142onkostwa, przez czas zgodny z przepisami prawa, a w przypadkach prawnie usprawiedliwionych cel\u00f3w Administratora \u2013 przez czas ich realizacji.<\/span><\/p>\n<p><span style=\"color: #000000;\"><!-- \/wp:paragraph --> <!-- wp:paragraph --><\/span><\/p>\n<p><span style=\"color: #000000;\">5. Dane nie s\u0105 udost\u0119pniane podmiotom innym ni\u017c upowa\u017cnione na podstawie stosownych przepis\u00f3w prawa.<\/span><\/p>\n<p><span style=\"color: #000000;\"><!-- \/wp:paragraph --> <!-- wp:paragraph --><\/span><\/p>\n<p><span style=\"color: #000000;\">6. Rodzicowi\/ opiekunowi prawnemu przys\u0142uguje prawo \u017c\u0105dania dost\u0119pu do podanych danych osobowych, ich sprostowania, usuni\u0119cia lub ograniczenia przetwarzania oraz prawo do wniesienia sprzeciwu wobec przetwarzania, a tak\u017ce prawo do przenoszenia danych.<\/span><\/p>\n<p><span style=\"color: #000000;\"><!-- \/wp:paragraph --> <!-- wp:paragraph --><\/span><\/p>\n<p><span style=\"color: #000000;\">7. Ponadto, rodzicowi\/ opiekunowi prawnemu przys\u0142uguje prawo do cofni\u0119cia wyra\u017conej zgody w dowolnym momencie. Powy\u017csze nie wp\u0142ywa na zgodno\u015b\u0107 z prawem przetwarzania, kt\u00f3rego dokonano na podstawie wyra\u017conej zgody przed jej cofni\u0119ciem.<\/span><\/p>\n<p><span style=\"color: #000000;\"><!-- \/wp:paragraph --> <!-- wp:paragraph --><\/span><\/p>\n<p><span style=\"color: #000000;\">8. Dodatkowo, rodzicowi\/ opiekunowi prawnemu przys\u0142uguje prawo do z\u0142o\u017cenia skargi do organu nadzorczego \u2013 Prezesa Urz\u0119du Ochrony Danych Osobowych.<\/span><\/p>\n<p><span style=\"color: #000000;\"><!-- \/wp:paragraph --> <!-- wp:paragraph --><\/span><\/p>\n<p><span style=\"color: #000000;\">9. Podanie danych osobowych jest dobrowolne, ale niezb\u0119dne do uzyskania i zachowania cz\u0142onkostwa w Klubie.<\/span><\/p>\n<p><span style=\"color: #000000;\"><!-- \/wp:paragraph --> <!-- wp:paragraph --><\/span><\/p>\n<p><span style=\"color: #000000;\">10. Dane nie b\u0119d\u0105 przetwarzane w spos\u00f3b zautomatyzowany.<\/span><\/p>\n<p><!--EndFragment--><\/p>","protected":false},"excerpt":{"rendered":"<p>P\u0142ywalnia TROCLIK Grupa pocz\u0105tkuj\u0105ca\/\u015bredniozaawansowana\u00a0 &#8211; od poniedzia\u0142ku do pi\u0105tku godz. 16.00 &#8211; 17.00 Grupa \u015bredniozaawansowana &#8211; wtorek i czwartek godz. 17.00- 18.00\/ 18.00 &#8211; 19.00 Grupa sportowa &#8211; poniedzia\u0142ek &#8211; pi\u0105tek godz. 17.00 &#8211; 19.00 Grupa sportowa &#8211; sobota godz. 10.00 &#8211; 12.00 P\u0142ywalnia AQUA- poniedzia\u0142ek, \u015broda, pi\u0105tek Grupa pocz\u0105tkuj\u0105ca \/ Grupa \u015bredniozaawansowana I-\u00a0godz. 18.00&hellip; <br \/> <a class=\"read-more\" href=\"https:\/\/www.uksondraszek.pl\/index.php\/klub\/harmonogram-zajec\/\">Dowiedz si\u0119 wi\u0119cej<\/a><\/p>\n","protected":false},"author":1,"featured_media":0,"parent":205,"menu_order":1,"comment_status":"closed","ping_status":"closed","template":"","meta":{"_monsterinsights_skip_tracking":false,"_monsterinsights_sitenote_active":false,"_monsterinsights_sitenote_note":"","_monsterinsights_sitenote_category":0,"footnotes":""},"class_list":["post-247","page","type-page","status-publish","hentry"],"_links":{"self":[{"href":"https:\/\/www.uksondraszek.pl\/index.php\/wp-json\/wp\/v2\/pages\/247","targetHints":{"allow":["GET"]}}],"collection":[{"href":"https:\/\/www.uksondraszek.pl\/index.php\/wp-json\/wp\/v2\/pages"}],"about":[{"href":"https:\/\/www.uksondraszek.pl\/index.php\/wp-json\/wp\/v2\/types\/page"}],"author":[{"embeddable":true,"href":"https:\/\/www.uksondraszek.pl\/index.php\/wp-json\/wp\/v2\/users\/1"}],"replies":[{"embeddable":true,"href":"https:\/\/www.uksondraszek.pl\/index.php\/wp-json\/wp\/v2\/comments?post=247"}],"version-history":[{"count":23,"href":"https:\/\/www.uksondraszek.pl\/index.php\/wp-json\/wp\/v2\/pages\/247\/revisions"}],"predecessor-version":[{"id":1391,"href":"https:\/\/www.uksondraszek.pl\/index.php\/wp-json\/wp\/v2\/pages\/247\/revisions\/1391"}],"up":[{"embeddable":true,"href":"https:\/\/www.uksondraszek.pl\/index.php\/wp-json\/wp\/v2\/pages\/205"}],"wp:attachment":[{"href":"https:\/\/www.uksondraszek.pl\/index.php\/wp-json\/wp\/v2\/media?parent=247"}],"curies":[{"name":"wp","href":"https:\/\/api.w.org\/{rel}","templated":true}]}}