{"id":243,"date":"2018-12-03T10:32:03","date_gmt":"2018-12-03T09:32:03","guid":{"rendered":"http:\/\/uksondraszek.pl\/test\/?page_id=243"},"modified":"2019-01-04T20:14:56","modified_gmt":"2019-01-04T19:14:56","slug":"o-nas","status":"publish","type":"page","link":"https:\/\/www.uksondraszek.pl\/index.php\/klub\/o-nas\/","title":{"rendered":"O nas"},"content":{"rendered":"<p style=\"text-align: left;\"><span style=\"color: #000000;\"><img loading=\"lazy\" decoding=\"async\" class=\"alignnone size-full wp-image-176 alignleft\" src=\"http:\/\/uksondraszek.pl\/test\/wp-content\/uploads\/2018\/11\/ondr_logo.png\" alt=\"\" width=\"250\" height=\"161\" \/><\/span><\/p>\n<p style=\"text-align: center;\" align=\"justify\"><span style=\"color: #000000;\"><span style=\"font-family: Liberation Serif, serif;\"><span style=\"font-size: large;\">Uczniowski Klub Sportowy Ondraszek w Bielsku-Bia\u0142ej rozpocz\u0105\u0142 swoj\u0105 dzia\u0142alno\u015b\u0107 w styczniu 2011 roku. Klub jest Stowarzyszeniem zrzeszaj\u0105cym dzieci i m\u0142odzie\u017c z Bielska-Bia\u0142ej oraz okolic, pragn\u0105c\u0105 podnosi\u0107 swoje umiej\u0119tno\u015bci p\u0142ywackie i sprawno\u015b\u0107 fizyczn\u0105 podczas trening\u00f3w oraz kochaj\u0105ce rywalizacje w zdrowym sportowym duchu fair-play.<\/span><\/span><\/span><\/p>\n<p style=\"text-align: center;\"><span style=\"color: #000000;\">\u00a0<\/span><span style=\"color: #000000;\"><span style=\"font-family: Liberation Serif, serif;\"><span style=\"font-size: large;\">Celem klubu jest nauka, jak i podnoszenie umiej\u0119tno\u015bci i technik p\u0142ywackich, zar\u00f3wno na poziomie podstawowym, jak i zawodniczym. Staramy si\u0119 wpaja\u0107 systematyczno\u015b\u0107 oraz pro sportowy styl \u017cycia, czego realnym dowodem s\u0105 bardzo wysokie lokaty podczas reprezentowania klubu na zawodach rangi lokalnej, okr\u0119gowej (m.in. Mistrzostwa \u015al\u0105ska) i centralnej (Mistrzostwa Polski). Wyniki te przek\u0142adaj\u0105 si\u0119 na powo\u0142ania do Kadry Wojew\u00f3dzkiej M\u0142odzika, a tak\u017ce Kadry Narodowej Junior\u00f3w.<\/span><\/span><\/span><\/p>\n<p style=\"text-align: center;\" align=\"justify\"><span style=\"color: #000000;\"><span style=\"font-family: Liberation Serif, serif;\"><span style=\"font-size: large;\">Zaj\u0119cia prowadzone s\u0105 przez wykwalifikowan\u0105 kadr\u0119 trenersk\u0105 i instruktorsk\u0105. Treningi sekcji p\u0142ywackiej UKS Ondraszek odbywaj\u0105 si\u0119 na bielskich p\u0142ywalniach Troclik i Aqua. Klub posiada licencj\u0119 Polskiego Zwi\u0105zku P\u0142ywackiego o numerze 104411, dzi\u0119ki czemu zawodnicy Stowarzyszenia UKS Ondraszek Bielsko-Bia\u0142a korzystaj\u0105 z mo\u017cliwo\u015bci nadania licencji zawodniczej.<\/span><\/span><\/span><\/p>\n\n\n<p><\/p>\n","protected":false},"excerpt":{"rendered":"<p>Uczniowski Klub Sportowy Ondraszek w Bielsku-Bia\u0142ej rozpocz\u0105\u0142 swoj\u0105 dzia\u0142alno\u015b\u0107 w styczniu 2011 roku. Klub jest Stowarzyszeniem zrzeszaj\u0105cym dzieci i m\u0142odzie\u017c z Bielska-Bia\u0142ej oraz okolic, pragn\u0105c\u0105 podnosi\u0107 swoje umiej\u0119tno\u015bci p\u0142ywackie i sprawno\u015b\u0107 fizyczn\u0105 podczas trening\u00f3w oraz kochaj\u0105ce rywalizacje w zdrowym sportowym duchu fair-play. \u00a0Celem klubu jest nauka, jak i podnoszenie umiej\u0119tno\u015bci i technik p\u0142ywackich, zar\u00f3wno na&hellip; <br \/> <a class=\"read-more\" href=\"https:\/\/www.uksondraszek.pl\/index.php\/klub\/o-nas\/\">Dowiedz si\u0119 wi\u0119cej<\/a><\/p>\n","protected":false},"author":1,"featured_media":0,"parent":205,"menu_order":0,"comment_status":"closed","ping_status":"closed","template":"","meta":{"_monsterinsights_skip_tracking":false,"_monsterinsights_sitenote_active":false,"_monsterinsights_sitenote_note":"","_monsterinsights_sitenote_category":0,"footnotes":""},"class_list":["post-243","page","type-page","status-publish","hentry"],"_links":{"self":[{"href":"https:\/\/www.uksondraszek.pl\/index.php\/wp-json\/wp\/v2\/pages\/243","targetHints":{"allow":["GET"]}}],"collection":[{"href":"https:\/\/www.uksondraszek.pl\/index.php\/wp-json\/wp\/v2\/pages"}],"about":[{"href":"https:\/\/www.uksondraszek.pl\/index.php\/wp-json\/wp\/v2\/types\/page"}],"author":[{"embeddable":true,"href":"https:\/\/www.uksondraszek.pl\/index.php\/wp-json\/wp\/v2\/users\/1"}],"replies":[{"embeddable":true,"href":"https:\/\/www.uksondraszek.pl\/index.php\/wp-json\/wp\/v2\/comments?post=243"}],"version-history":[{"count":11,"href":"https:\/\/www.uksondraszek.pl\/index.php\/wp-json\/wp\/v2\/pages\/243\/revisions"}],"predecessor-version":[{"id":546,"href":"https:\/\/www.uksondraszek.pl\/index.php\/wp-json\/wp\/v2\/pages\/243\/revisions\/546"}],"up":[{"embeddable":true,"href":"https:\/\/www.uksondraszek.pl\/index.php\/wp-json\/wp\/v2\/pages\/205"}],"wp:attachment":[{"href":"https:\/\/www.uksondraszek.pl\/index.php\/wp-json\/wp\/v2\/media?parent=243"}],"curies":[{"name":"wp","href":"https:\/\/api.w.org\/{rel}","templated":true}]}}