{"id":219,"date":"2018-12-02T19:48:21","date_gmt":"2018-12-02T18:48:21","guid":{"rendered":"http:\/\/uksondraszek.pl\/test\/?page_id=219"},"modified":"2019-06-05T15:31:48","modified_gmt":"2019-06-05T13:31:48","slug":"kontakt","status":"publish","type":"page","link":"https:\/\/www.uksondraszek.pl\/index.php\/kontakt\/","title":{"rendered":"Kontakt"},"content":{"rendered":"<p><span style=\"color: #000000;\"><strong>UCZNIOWSKI KLUB SPORTOWY \u201eONDRASZEK&#8221; W BIELSKU-BIA\u0141EJ<\/strong><\/span><\/p>\n<p><span style=\"color: #000000;\">siedziba:<\/span><\/p>\n<p><span style=\"color: #000000;\">ul. 1-go Maja 47, 43-300 Bielsko-Bia\u0142a,<\/span><\/p>\n<p><span style=\"color: #000000;\">NIP: 5472129962, REGON: 241793028<\/span><\/p>\n<p><span style=\"color: #000000;\">adres korespondencyjny<\/span><\/p>\n<p><span style=\"color: #000000;\">ul. 1-go Maja 47, 43-300 Bielsko-Bia\u0142a,<\/span><\/p>\n<p><span style=\"color: #000000;\"><strong>E-Mail<\/strong>:\u00a0<span id=\"cloak990\"><a style=\"color: #000000;\" href=\"mailto:uksondraszek@op.pl\">uksondraszek@op.pl<\/a><\/span><\/span><\/p>\n<p><span style=\"color: #000000;\"><strong>TEL<\/strong>:<\/span><\/p>\n<p><span style=\"color: #000000;\">Borowski Mariusz 503 115 680,<\/span><\/p>\n<p><span style=\"color: #000000;\">Wilczek Grzegorz 502 610 195,<\/span><\/p>\n<p><span style=\"color: #000000;\"><strong>KONTO BANKOWE<\/strong>:<\/span><\/p>\n<p><span style=\"color: #000000;\">Bank Pekao S.A. oddzia\u0142 w Bielsku-Bia\u0142ej<\/span><\/p>\n<p><span style=\"color: #000000;\">Nr: 25124064491111001037690983<\/span><\/p>\n","protected":false},"excerpt":{"rendered":"<p>UCZNIOWSKI KLUB SPORTOWY \u201eONDRASZEK&#8221; W BIELSKU-BIA\u0141EJ siedziba: ul. 1-go Maja 47, 43-300 Bielsko-Bia\u0142a, NIP: 5472129962, REGON: 241793028 adres korespondencyjny ul. 1-go Maja 47, 43-300 Bielsko-Bia\u0142a, E-Mail:\u00a0uksondraszek@op.pl TEL: Borowski Mariusz 503 115 680, Wilczek Grzegorz 502 610 195, KONTO BANKOWE: Bank Pekao S.A. oddzia\u0142 w Bielsku-Bia\u0142ej Nr: 25124064491111001037690983<\/p>\n","protected":false},"author":1,"featured_media":0,"parent":0,"menu_order":0,"comment_status":"closed","ping_status":"closed","template":"","meta":{"_monsterinsights_skip_tracking":false,"_monsterinsights_sitenote_active":false,"_monsterinsights_sitenote_note":"","_monsterinsights_sitenote_category":0,"footnotes":""},"class_list":["post-219","page","type-page","status-publish","hentry"],"_links":{"self":[{"href":"https:\/\/www.uksondraszek.pl\/index.php\/wp-json\/wp\/v2\/pages\/219","targetHints":{"allow":["GET"]}}],"collection":[{"href":"https:\/\/www.uksondraszek.pl\/index.php\/wp-json\/wp\/v2\/pages"}],"about":[{"href":"https:\/\/www.uksondraszek.pl\/index.php\/wp-json\/wp\/v2\/types\/page"}],"author":[{"embeddable":true,"href":"https:\/\/www.uksondraszek.pl\/index.php\/wp-json\/wp\/v2\/users\/1"}],"replies":[{"embeddable":true,"href":"https:\/\/www.uksondraszek.pl\/index.php\/wp-json\/wp\/v2\/comments?post=219"}],"version-history":[{"count":9,"href":"https:\/\/www.uksondraszek.pl\/index.php\/wp-json\/wp\/v2\/pages\/219\/revisions"}],"predecessor-version":[{"id":734,"href":"https:\/\/www.uksondraszek.pl\/index.php\/wp-json\/wp\/v2\/pages\/219\/revisions\/734"}],"wp:attachment":[{"href":"https:\/\/www.uksondraszek.pl\/index.php\/wp-json\/wp\/v2\/media?parent=219"}],"curies":[{"name":"wp","href":"https:\/\/api.w.org\/{rel}","templated":true}]}}