{"id":205,"date":"2018-11-30T21:51:18","date_gmt":"2018-11-30T20:51:18","guid":{"rendered":"http:\/\/uksondraszek.pl\/test\/?page_id=205"},"modified":"2024-08-15T11:52:41","modified_gmt":"2024-08-15T09:52:41","slug":"klub","status":"publish","type":"page","link":"https:\/\/www.uksondraszek.pl\/index.php\/klub\/","title":{"rendered":"Klub"},"content":{"rendered":"<p><a href=\"http:\/\/uksondraszek.pl\/index.php\/klub\/o-nas\/\">O nas<\/a><\/p>\n<p><a href=\"http:\/\/uksondraszek.pl\/index.php\/klub\/harmonogram-zajec\/\">Harmonogram zaj\u0119\u0107<\/a><\/p>\n<p><a href=\"http:\/\/uksondraszek.pl\/index.php\/klub\/regulamin-sekcji-plywackiej\/\">Regulamin sekcji p\u0142ywackiej<\/a><\/p>\n<p><a href=\"http:\/\/uksondraszek.pl\/wp-content\/uploads\/2019\/01\/deklaracja-UKS-Ondraszek.doc\">Deklaracja cz\u0142onkowska<\/a><\/p>\n<p class=\"Default\"><a href=\"https:\/\/www.uksondraszek.pl\/wp-content\/uploads\/2024\/08\/Standardy-Ochrony-Maloletnich-2024.pdf\">Standardy Ochrony Ma\u0142oletnich<\/a><\/p>\n","protected":false},"excerpt":{"rendered":"<p>O nas Harmonogram zaj\u0119\u0107 Regulamin sekcji p\u0142ywackiej Deklaracja cz\u0142onkowska Standardy Ochrony Ma\u0142oletnich<\/p>\n","protected":false},"author":1,"featured_media":0,"parent":0,"menu_order":0,"comment_status":"closed","ping_status":"closed","template":"","meta":{"_monsterinsights_skip_tracking":false,"_monsterinsights_sitenote_active":false,"_monsterinsights_sitenote_note":"","_monsterinsights_sitenote_category":0,"footnotes":""},"class_list":["post-205","page","type-page","status-publish","hentry"],"_links":{"self":[{"href":"https:\/\/www.uksondraszek.pl\/index.php\/wp-json\/wp\/v2\/pages\/205","targetHints":{"allow":["GET"]}}],"collection":[{"href":"https:\/\/www.uksondraszek.pl\/index.php\/wp-json\/wp\/v2\/pages"}],"about":[{"href":"https:\/\/www.uksondraszek.pl\/index.php\/wp-json\/wp\/v2\/types\/page"}],"author":[{"embeddable":true,"href":"https:\/\/www.uksondraszek.pl\/index.php\/wp-json\/wp\/v2\/users\/1"}],"replies":[{"embeddable":true,"href":"https:\/\/www.uksondraszek.pl\/index.php\/wp-json\/wp\/v2\/comments?post=205"}],"version-history":[{"count":14,"href":"https:\/\/www.uksondraszek.pl\/index.php\/wp-json\/wp\/v2\/pages\/205\/revisions"}],"predecessor-version":[{"id":1378,"href":"https:\/\/www.uksondraszek.pl\/index.php\/wp-json\/wp\/v2\/pages\/205\/revisions\/1378"}],"wp:attachment":[{"href":"https:\/\/www.uksondraszek.pl\/index.php\/wp-json\/wp\/v2\/media?parent=205"}],"curies":[{"name":"wp","href":"https:\/\/api.w.org\/{rel}","templated":true}]}}